{"id":3424,"date":"2023-03-08T19:51:18","date_gmt":"2023-03-08T19:51:18","guid":{"rendered":"https:\/\/hyptia.com\/?page_id=3424"},"modified":"2024-08-14T11:38:06","modified_gmt":"2024-08-14T11:38:06","slug":"inicio","status":"publish","type":"page","link":"https:\/\/hyptia.com\/","title":{"rendered":"inicio"},"content":{"rendered":"\n<div class=\"is-layout-constrained wp-block-group\"><div class=\"wp-block-group__inner-container\">\n<div style=\"height:77px\" aria-hidden=\"true\" class=\"wp-block-spacer\"><\/div>\n<\/div><\/div>\n\n\n\n<div class=\"is-layout-flex wp-container-11 wp-block-columns\">\n<div class=\"is-layout-flow wp-block-column\">\n<p class=\"has-text-align-center\">explorando los l\u00edmites de la identidad<\/p>\n\n\n\n<div style=\"height:17px\" aria-hidden=\"true\" class=\"wp-block-spacer\"><\/div>\n\n\n\n<div style=\"height:28px\" aria-hidden=\"true\" class=\"wp-block-spacer\"><\/div>\n<\/div>\n\n\n\n<div class=\"is-layout-flow wp-block-column\">\n<div style=\"height:18px\" aria-hidden=\"true\" class=\"wp-block-spacer\"><\/div>\n\n\n\n<div style=\"height:24px\" aria-hidden=\"true\" class=\"wp-block-spacer\"><\/div>\n\n\n\n<div class=\"is-layout-flex wp-container-5 wp-block-columns\">\n<div class=\"is-layout-flow wp-block-column\">\n<p>experimentaci\u00f3n<\/p>\n<\/div>\n\n\n\n<div class=\"is-layout-flow wp-block-column\">\n<div style=\"height:50px\" aria-hidden=\"true\" class=\"wp-block-spacer\"><\/div>\n\n\n\n<p>estilismo<\/p>\n<\/div>\n<\/div>\n<\/div>\n\n\n\n<div class=\"is-layout-flow wp-block-column\">\n<div style=\"height:22px\" aria-hidden=\"true\" class=\"wp-block-spacer\"><\/div>\n\n\n\n<p>transgredir<\/p>\n\n\n\n<p><\/p>\n\n\n\n<p class=\"has-text-align-right\">universo creativo<\/p>\n<\/div>\n\n\n\n<div class=\"is-layout-flow wp-block-column\">\n<div style=\"height:0px\" aria-hidden=\"true\" class=\"wp-block-spacer\"><\/div>\n\n\n\n<div class=\"is-layout-flex wp-container-9 wp-block-columns\">\n<div class=\"is-layout-flow wp-block-column\">\n<p>gente como tu &amp; como yo<\/p>\n<\/div>\n<\/div>\n<\/div>\n<\/div>\n\n\n\n<div class=\"is-layout-flex wp-container-19 wp-block-columns\">\n<div class=\"is-layout-flow wp-block-column\">\n<div class=\"is-layout-flex wp-container-17 wp-block-columns\">\n<div class=\"is-layout-flow wp-block-column\">\n<p class=\"has-text-align-center\">arte<\/p>\n\n\n\n<div class=\"is-layout-flex wp-container-14 wp-block-columns\">\n<div class=\"is-layout-flow wp-block-column\" style=\"flex-basis:66.66%\">\n<p class=\"has-text-align-center\">tiempo para m\u00ed<\/p>\n<\/div>\n\n\n\n<div class=\"is-layout-flow wp-block-column\" style=\"flex-basis:33.33%\">\n<p><em>&amp; t\u00fa, que no est\u00e1s buscando a\u00fan?<\/em> <strong>DESC\u00daBRELO EN HYPTIA<\/strong><\/p>\n\n\n\n<p><\/p>\n<\/div>\n<\/div>\n\n\n\n<p class=\"has-text-align-right\">moda<\/p>\n\n\n\n<p class=\"has-text-align-center\">direcci\u00f3n creativa<\/p>\n<\/div>\n\n\n\n<div class=\"is-layout-flow wp-block-column\">\n<p class=\"has-text-align-right\">llevar lo que quieres ponerte<\/p>\n\n\n\n<p class=\"has-text-align-center\">asesor\u00edas de imagen<\/p>\n\n\n\n<div style=\"height:3px\" aria-hidden=\"true\" class=\"wp-block-spacer\"><\/div>\n\n\n\n<p>la mente de una alama creativa<\/p>\n<\/div>\n<\/div>\n<\/div>\n<\/div>\n\n\n<div id=\"pl-gb3424-69fc75272d8ce\"  class=\"panel-layout\" ><div id=\"pg-gb3424-69fc75272d8ce-0\"  class=\"panel-grid panel-has-style\" ><div class=\"siteorigin-panels-stretch panel-row-style panel-row-style-for-gb3424-69fc75272d8ce-0\" data-stretch-type=\"full-stretched-padded\" ><div id=\"pgc-gb3424-69fc75272d8ce-0-0\"  class=\"panel-grid-cell\" ><div id=\"panel-gb3424-69fc75272d8ce-0-0-0\" class=\"so-panel widget widget_sow-headline panel-first-child panel-last-child\" data-index=\"0\" ><div class=\"so-widget-sow-headline so-widget-sow-headline-default-0dc08b26b18e so-widget-fittext-wrapper\" data-fit-text-compressor=\"0.85\"><div class=\"sow-headline-container \">\n\t<h2 class='sow-headline'>Beta<\/h2><p class='sow-sub-headline'>Estilismo &amp; creaciones experimentales<\/p><\/div><\/div><\/div><\/div><\/div><\/div><div id=\"pg-gb3424-69fc75272d8ce-1\"  class=\"panel-grid panel-has-style\" ><div class=\"siteorigin-panels-stretch panel-row-style panel-row-style-for-gb3424-69fc75272d8ce-1\" data-stretch-type=\"full-stretched-padded\" ><div id=\"pgc-gb3424-69fc75272d8ce-1-0\"  class=\"panel-grid-cell\" ><div id=\"panel-gb3424-69fc75272d8ce-1-0-0\" class=\"so-panel widget widget_sow-headline panel-first-child panel-last-child\" data-index=\"1\" ><div class=\"so-widget-sow-headline so-widget-sow-headline-default-b687ffa9c5b6 so-widget-fittext-wrapper\" data-fit-text-compressor=\"0.85\"><div class=\"sow-headline-container \">\n\t<h2 class='sow-headline'>ASESORAMIENTO CREATIVO<\/h2><p class='sow-sub-headline'>Asesor\u00edas de imagen &amp; direcci\u00f3n creativa<\/p><\/div><\/div><\/div><\/div><\/div><\/div><div id=\"pg-gb3424-69fc75272d8ce-2\"  class=\"panel-grid panel-has-style\" ><div class=\"siteorigin-panels-stretch panel-row-style panel-row-style-for-gb3424-69fc75272d8ce-2\" data-stretch-type=\"full-stretched-padded\" ><div id=\"pgc-gb3424-69fc75272d8ce-2-0\"  class=\"panel-grid-cell\" ><div id=\"panel-gb3424-69fc75272d8ce-2-0-0\" class=\"so-panel widget widget_sow-headline panel-first-child panel-last-child\" data-index=\"2\" ><div class=\"so-widget-sow-headline so-widget-sow-headline-default-0dc08b26b18e so-widget-fittext-wrapper\" data-fit-text-compressor=\"0.85\"><div class=\"sow-headline-container \">\n\t<h2 class='sow-headline'>Inspiraci\u00f3n digital<\/h2><p class='sow-sub-headline'>Redes sociales &amp; contenido de moda<\/p><\/div><\/div><\/div><\/div><\/div><\/div><div id=\"pg-gb3424-69fc75272d8ce-3\"  class=\"panel-grid panel-has-style\" ><div class=\"siteorigin-panels-stretch panel-row-style panel-row-style-for-gb3424-69fc75272d8ce-3\" data-stretch-type=\"full-stretched-padded\" ><div id=\"pgc-gb3424-69fc75272d8ce-3-0\"  class=\"panel-grid-cell\" ><div id=\"panel-gb3424-69fc75272d8ce-3-0-0\" class=\"so-panel widget widget_sow-headline panel-first-child panel-last-child\" data-index=\"3\" ><div class=\"so-widget-sow-headline so-widget-sow-headline-default-b687ffa9c5b6 so-widget-fittext-wrapper\" data-fit-text-compressor=\"0.85\"><div class=\"sow-headline-container \">\n\t<h2 class='sow-headline'>Nuevo proyecto proximamente<\/h2><p class='sow-sub-headline'>Inmortalizarlo para siempre &amp; capturarlo al instante<\/p><\/div><\/div><\/div><\/div><\/div><\/div><\/div>","protected":false},"excerpt":{"rendered":"<p>explorando los l\u00edmites de la identidad experimentaci\u00f3n estilismo transgredir universo creativo gente como tu &amp; como yo arte tiempo para m\u00ed &amp; t\u00fa, que no est\u00e1s buscando a\u00fan? DESC\u00daBRELO EN HYPTIA moda direcci\u00f3n creativa llevar lo que quieres ponerte asesor\u00edas de imagen la mente de una alama creativa<\/p>\n","protected":false},"author":1,"featured_media":0,"parent":0,"menu_order":0,"comment_status":"closed","ping_status":"closed","template":"","meta":{"neve_meta_sidebar":"full-width","neve_meta_container":"full-width","neve_meta_enable_content_width":"off","neve_meta_content_width":48,"neve_meta_title_alignment":"center","neve_meta_author_avatar":"","neve_post_elements_order":"","neve_meta_disable_header":"off","neve_meta_disable_footer":"","neve_meta_disable_title":"on","_themeisle_gutenberg_block_has_review":false,"_ti_tpc_template_sync":false,"_ti_tpc_template_id":"","spay_email":""},"yoast_head":"<!-- This site is optimized with the Yoast SEO plugin v18.9 - https:\/\/yoast.com\/wordpress\/plugins\/seo\/ -->\n<title>inicio - HYPTIA - ASESOR\u00cdAS &amp; ESTILISMO<\/title>\n<meta name=\"robots\" content=\"index, follow, max-snippet:-1, max-image-preview:large, max-video-preview:-1\" \/>\n<link rel=\"canonical\" href=\"https:\/\/hyptia.com\/\" \/>\n<meta property=\"og:locale\" content=\"es_ES\" \/>\n<meta property=\"og:type\" content=\"article\" \/>\n<meta property=\"og:title\" content=\"inicio - HYPTIA - ASESOR\u00cdAS &amp; ESTILISMO\" \/>\n<meta property=\"og:description\" content=\"explorando los l\u00edmites de la identidad experimentaci\u00f3n estilismo transgredir universo creativo gente como tu &amp; como yo arte tiempo para m\u00ed &amp; t\u00fa, que no est\u00e1s buscando a\u00fan? DESC\u00daBRELO EN HYPTIA moda direcci\u00f3n creativa llevar lo que quieres ponerte asesor\u00edas de imagen la mente de una alama creativa\" \/>\n<meta property=\"og:url\" content=\"https:\/\/hyptia.com\/\" \/>\n<meta property=\"og:site_name\" content=\"HYPTIA - ASESOR\u00cdAS &amp; ESTILISMO\" \/>\n<meta property=\"article:modified_time\" content=\"2024-08-14T11:38:06+00:00\" \/>\n<meta name=\"twitter:card\" content=\"summary_large_image\" \/>\n<meta name=\"twitter:label1\" content=\"Tiempo de lectura\" \/>\n\t<meta name=\"twitter:data1\" content=\"2 minutos\" \/>\n<script type=\"application\/ld+json\" class=\"yoast-schema-graph\">{\"@context\":\"https:\/\/schema.org\",\"@graph\":[{\"@type\":\"WebSite\",\"@id\":\"https:\/\/hyptia.com\/#website\",\"url\":\"https:\/\/hyptia.com\/\",\"name\":\"HYPTIA - ASESOR\u00cdAS &amp; ESTILISMO\",\"description\":\"El universo creativo que une moda y experimentaci\u00f3n, donde encontrar aquello que te inspira y descubrirte a ti a trav\u00e9s del arte del estilismo, el asesoramiento de moda y la direcci\u00f3n creativa :)\",\"potentialAction\":[{\"@type\":\"SearchAction\",\"target\":{\"@type\":\"EntryPoint\",\"urlTemplate\":\"https:\/\/hyptia.com\/?s={search_term_string}\"},\"query-input\":\"required name=search_term_string\"}],\"inLanguage\":\"es\"},{\"@type\":\"WebPage\",\"@id\":\"https:\/\/hyptia.com\/#webpage\",\"url\":\"https:\/\/hyptia.com\/\",\"name\":\"inicio - HYPTIA - ASESOR\u00cdAS &amp; ESTILISMO\",\"isPartOf\":{\"@id\":\"https:\/\/hyptia.com\/#website\"},\"datePublished\":\"2023-03-08T19:51:18+00:00\",\"dateModified\":\"2024-08-14T11:38:06+00:00\",\"breadcrumb\":{\"@id\":\"https:\/\/hyptia.com\/#breadcrumb\"},\"inLanguage\":\"es\",\"potentialAction\":[{\"@type\":\"ReadAction\",\"target\":[\"https:\/\/hyptia.com\/\"]}]},{\"@type\":\"BreadcrumbList\",\"@id\":\"https:\/\/hyptia.com\/#breadcrumb\",\"itemListElement\":[{\"@type\":\"ListItem\",\"position\":1,\"name\":\"Portada\",\"item\":\"https:\/\/hyptia.com\/\"},{\"@type\":\"ListItem\",\"position\":2,\"name\":\"inicio\"}]}]}<\/script>\n<!-- \/ Yoast SEO plugin. -->","yoast_head_json":{"title":"inicio - HYPTIA - ASESOR\u00cdAS &amp; ESTILISMO","robots":{"index":"index","follow":"follow","max-snippet":"max-snippet:-1","max-image-preview":"max-image-preview:large","max-video-preview":"max-video-preview:-1"},"canonical":"https:\/\/hyptia.com\/","og_locale":"es_ES","og_type":"article","og_title":"inicio - HYPTIA - ASESOR\u00cdAS &amp; ESTILISMO","og_description":"explorando los l\u00edmites de la identidad experimentaci\u00f3n estilismo transgredir universo creativo gente como tu &amp; como yo arte tiempo para m\u00ed &amp; t\u00fa, que no est\u00e1s buscando a\u00fan? DESC\u00daBRELO EN HYPTIA moda direcci\u00f3n creativa llevar lo que quieres ponerte asesor\u00edas de imagen la mente de una alama creativa","og_url":"https:\/\/hyptia.com\/","og_site_name":"HYPTIA - ASESOR\u00cdAS &amp; ESTILISMO","article_modified_time":"2024-08-14T11:38:06+00:00","twitter_card":"summary_large_image","twitter_misc":{"Tiempo de lectura":"2 minutos"},"schema":{"@context":"https:\/\/schema.org","@graph":[{"@type":"WebSite","@id":"https:\/\/hyptia.com\/#website","url":"https:\/\/hyptia.com\/","name":"HYPTIA - ASESOR\u00cdAS &amp; ESTILISMO","description":"El universo creativo que une moda y experimentaci\u00f3n, donde encontrar aquello que te inspira y descubrirte a ti a trav\u00e9s del arte del estilismo, el asesoramiento de moda y la direcci\u00f3n creativa :)","potentialAction":[{"@type":"SearchAction","target":{"@type":"EntryPoint","urlTemplate":"https:\/\/hyptia.com\/?s={search_term_string}"},"query-input":"required name=search_term_string"}],"inLanguage":"es"},{"@type":"WebPage","@id":"https:\/\/hyptia.com\/#webpage","url":"https:\/\/hyptia.com\/","name":"inicio - HYPTIA - ASESOR\u00cdAS &amp; ESTILISMO","isPartOf":{"@id":"https:\/\/hyptia.com\/#website"},"datePublished":"2023-03-08T19:51:18+00:00","dateModified":"2024-08-14T11:38:06+00:00","breadcrumb":{"@id":"https:\/\/hyptia.com\/#breadcrumb"},"inLanguage":"es","potentialAction":[{"@type":"ReadAction","target":["https:\/\/hyptia.com\/"]}]},{"@type":"BreadcrumbList","@id":"https:\/\/hyptia.com\/#breadcrumb","itemListElement":[{"@type":"ListItem","position":1,"name":"Portada","item":"https:\/\/hyptia.com\/"},{"@type":"ListItem","position":2,"name":"inicio"}]}]}},"uagb_featured_image_src":{"full":false,"thumbnail":false,"medium":false,"medium_large":false,"large":false,"1536x1536":false,"2048x2048":false,"neve-blog":false,"sow-carousel-default":false},"uagb_author_info":{"display_name":"contactbetas@gmail.com","author_link":"https:\/\/hyptia.com\/index.php\/author\/contactbetasgmail-com\/"},"uagb_comment_info":0,"uagb_excerpt":"explorando los l\u00edmites de la identidad experimentaci\u00f3n estilismo transgredir universo creativo gente como tu &amp; como yo arte tiempo para m\u00ed &amp; t\u00fa, que no est\u00e1s buscando a\u00fan? DESC\u00daBRELO EN HYPTIA moda direcci\u00f3n creativa llevar lo que quieres ponerte asesor\u00edas de imagen la mente de una alama creativa","_links":{"self":[{"href":"https:\/\/hyptia.com\/index.php\/wp-json\/wp\/v2\/pages\/3424"}],"collection":[{"href":"https:\/\/hyptia.com\/index.php\/wp-json\/wp\/v2\/pages"}],"about":[{"href":"https:\/\/hyptia.com\/index.php\/wp-json\/wp\/v2\/types\/page"}],"author":[{"embeddable":true,"href":"https:\/\/hyptia.com\/index.php\/wp-json\/wp\/v2\/users\/1"}],"replies":[{"embeddable":true,"href":"https:\/\/hyptia.com\/index.php\/wp-json\/wp\/v2\/comments?post=3424"}],"version-history":[{"count":27,"href":"https:\/\/hyptia.com\/index.php\/wp-json\/wp\/v2\/pages\/3424\/revisions"}],"predecessor-version":[{"id":4184,"href":"https:\/\/hyptia.com\/index.php\/wp-json\/wp\/v2\/pages\/3424\/revisions\/4184"}],"wp:attachment":[{"href":"https:\/\/hyptia.com\/index.php\/wp-json\/wp\/v2\/media?parent=3424"}],"curies":[{"name":"wp","href":"https:\/\/api.w.org\/{rel}","templated":true}]}}