{"id":2893,"date":"2021-11-04T13:49:07","date_gmt":"2021-11-04T13:49:07","guid":{"rendered":"https:\/\/hyptia.com\/?page_id=2893"},"modified":"2023-06-22T16:14:40","modified_gmt":"2023-06-22T16:14:40","slug":"asesorias","status":"publish","type":"page","link":"https:\/\/hyptia.com\/index.php\/esencial\/asesorias\/","title":{"rendered":"ASESOR\u00cdAS"},"content":{"rendered":"\t\t<div data-elementor-type=\"wp-page\" data-elementor-id=\"2893\" class=\"elementor elementor-2893\">\n\t\t\t\t\t\t<div class=\"elementor-inner\">\n\t\t\t\t<div class=\"elementor-section-wrap\">\n\t\t\t\t\t\t\t\t\t<section class=\"elementor-section elementor-top-section elementor-element elementor-element-369764c elementor-section-stretched elementor-section-boxed elementor-section-height-default elementor-section-height-default\" data-id=\"369764c\" data-element_type=\"section\" data-settings=\"{&quot;stretch_section&quot;:&quot;section-stretched&quot;}\">\n\t\t\t\t\t\t<div class=\"elementor-container elementor-column-gap-default\">\n\t\t\t\t\t\t\t<div class=\"elementor-row\">\n\t\t\t\t\t<div class=\"elementor-column elementor-col-33 elementor-top-column elementor-element elementor-element-c1f1576\" data-id=\"c1f1576\" data-element_type=\"column\">\n\t\t\t<div class=\"elementor-column-wrap elementor-element-populated\">\n\t\t\t\t\t\t\t<div class=\"elementor-widget-wrap\">\n\t\t\t\t\t\t<div class=\"elementor-element elementor-element-ccb187f elementor-widget-divider--separator-type-pattern elementor-widget-divider--no-spacing elementor-widget-divider--view-line elementor-widget elementor-widget-divider\" data-id=\"ccb187f\" data-element_type=\"widget\" data-widget_type=\"divider.default\">\n\t\t\t\t<div class=\"elementor-widget-container\">\n\t\t\t\t\t<div class=\"elementor-divider\" style=\"--divider-pattern-url: url(&quot;data:image\/svg+xml,%3Csvg xmlns=&#039;http:\/\/www.w3.org\/2000\/svg&#039; preserveAspectRatio=&#039;xMidYMid meet&#039; overflow=&#039;visible&#039; height=&#039;100%&#039; viewBox=&#039;0 0 120 26&#039; fill=&#039;black&#039; stroke=&#039;none&#039;%3E%3Cpolygon points=&#039;0,14.4 0,21 11.5,12.4 21.3,20 30.4,11.1 40.3,20 51,12.4 60.6,20 69.6,11.1 79.3,20 90.1,12.4 99.6,20 109.7,11.1 120,21 120,14.4 109.7,5 99.6,13 90.1,5 79.3,14.5 71,5.7 60.6,12.4 51,5 40.3,14.5 31.1,5 21.3,13 11.5,5 \t&#039;\/%3E%3C\/svg%3E&quot;);\">\n\t\t\t<span class=\"elementor-divider-separator\">\n\t\t\t\t\t\t<\/span>\n\t\t<\/div>\n\t\t\t\t<\/div>\n\t\t\t\t<\/div>\n\t\t\t\t<div class=\"elementor-element elementor-element-f12cbb2 elementor-invisible elementor-widget elementor-widget-image\" data-id=\"f12cbb2\" data-element_type=\"widget\" data-settings=\"{&quot;_animation&quot;:&quot;fadeIn&quot;}\" data-widget_type=\"image.default\">\n\t\t\t\t<div class=\"elementor-widget-container\">\n\t\t\t\t\t\t\t\t<div class=\"elementor-image\">\n\t\t\t\t\t\t\t\t\t<figure class=\"wp-caption\">\n\t\t\t\t\t\t\t\t\t\t\t<a href=\"https:\/\/hyptia.com\/index.php\/esencial\/\">\n\t\t\t\t\t\t\t<img decoding=\"async\" width=\"688\" height=\"1024\" src=\"https:\/\/hyptia.com\/wp-content\/uploads\/2021\/12\/esencial_Mesa-de-trabajo-1-688x1024.jpg\" class=\"elementor-animation-grow attachment-large size-large wp-image-3206\" alt=\"\" loading=\"lazy\" srcset=\"https:\/\/hyptia.com\/wp-content\/uploads\/2021\/12\/esencial_Mesa-de-trabajo-1-688x1024.jpg 688w, https:\/\/hyptia.com\/wp-content\/uploads\/2021\/12\/esencial_Mesa-de-trabajo-1-scaled-600x894.jpg 600w, https:\/\/hyptia.com\/wp-content\/uploads\/2021\/12\/esencial_Mesa-de-trabajo-1-201x300.jpg 201w, https:\/\/hyptia.com\/wp-content\/uploads\/2021\/12\/esencial_Mesa-de-trabajo-1-768x1143.jpg 768w, https:\/\/hyptia.com\/wp-content\/uploads\/2021\/12\/esencial_Mesa-de-trabajo-1-1032x1536.jpg 1032w, https:\/\/hyptia.com\/wp-content\/uploads\/2021\/12\/esencial_Mesa-de-trabajo-1-1376x2048.jpg 1376w, https:\/\/hyptia.com\/wp-content\/uploads\/2021\/12\/esencial_Mesa-de-trabajo-1-scaled.jpg 1719w\" sizes=\"(max-width: 688px) 100vw, 688px\" \/>\t\t\t\t\t\t\t\t<\/a>\n\t\t\t\t\t\t\t\t\t\t\t<figcaption class=\"widget-image-caption wp-caption-text\">ESENCIAL<\/figcaption>\n\t\t\t\t\t\t\t\t\t\t<\/figure>\n\t\t\t\t\t\t\t\t<\/div>\n\t\t\t\t\t\t<\/div>\n\t\t\t\t<\/div>\n\t\t\t\t<div class=\"elementor-element elementor-element-c3f9651 elementor-widget-divider--view-line elementor-widget elementor-widget-divider\" data-id=\"c3f9651\" data-element_type=\"widget\" data-widget_type=\"divider.default\">\n\t\t\t\t<div class=\"elementor-widget-container\">\n\t\t\t\t\t<div class=\"elementor-divider\">\n\t\t\t<span class=\"elementor-divider-separator\">\n\t\t\t\t\t\t<\/span>\n\t\t<\/div>\n\t\t\t\t<\/div>\n\t\t\t\t<\/div>\n\t\t\t\t<div class=\"elementor-element elementor-element-fb04f9e elementor-widget elementor-widget-image\" data-id=\"fb04f9e\" data-element_type=\"widget\" data-widget_type=\"image.default\">\n\t\t\t\t<div class=\"elementor-widget-container\">\n\t\t\t\t\t\t\t\t<div class=\"elementor-image\">\n\t\t\t\t\t\t\t\t\t<figure class=\"wp-caption\">\n\t\t\t\t\t\t\t\t\t\t\t<a href=\"https:\/\/hyptia.com\/index.php\/maleta-perfecta\/\">\n\t\t\t\t\t\t\t<img decoding=\"async\" src=\"https:\/\/hyptia.com\/wp-content\/uploads\/2021\/12\/MALETA_Mesa-de-trabajo-1-scaled.jpg\" title=\"MALETA_Mesa de trabajo 1\" alt=\"MALETA_Mesa de trabajo 1\" class=\"elementor-animation-grow\" loading=\"lazy\" \/>\t\t\t\t\t\t\t\t<\/a>\n\t\t\t\t\t\t\t\t\t\t\t<figcaption class=\"widget-image-caption wp-caption-text\">MALETA PERFECTA<\/figcaption>\n\t\t\t\t\t\t\t\t\t\t<\/figure>\n\t\t\t\t\t\t\t\t<\/div>\n\t\t\t\t\t\t<\/div>\n\t\t\t\t<\/div>\n\t\t\t\t\t\t<\/div>\n\t\t\t\t\t<\/div>\n\t\t<\/div>\n\t\t\t\t<div class=\"elementor-column elementor-col-33 elementor-top-column elementor-element elementor-element-22dc0cc\" data-id=\"22dc0cc\" data-element_type=\"column\">\n\t\t\t<div class=\"elementor-column-wrap elementor-element-populated\">\n\t\t\t\t\t\t\t<div class=\"elementor-widget-wrap\">\n\t\t\t\t\t\t<div class=\"elementor-element elementor-element-1ef50fa elementor-widget-divider--view-line elementor-widget elementor-widget-divider\" data-id=\"1ef50fa\" data-element_type=\"widget\" data-widget_type=\"divider.default\">\n\t\t\t\t<div class=\"elementor-widget-container\">\n\t\t\t\t\t<div class=\"elementor-divider\">\n\t\t\t<span class=\"elementor-divider-separator\">\n\t\t\t\t\t\t<\/span>\n\t\t<\/div>\n\t\t\t\t<\/div>\n\t\t\t\t<\/div>\n\t\t\t\t<div class=\"elementor-element elementor-element-ec89e5a elementor-widget elementor-widget-image\" data-id=\"ec89e5a\" data-element_type=\"widget\" data-widget_type=\"image.default\">\n\t\t\t\t<div class=\"elementor-widget-container\">\n\t\t\t\t\t\t\t\t<div class=\"elementor-image\">\n\t\t\t\t\t\t\t\t\t<figure class=\"wp-caption\">\n\t\t\t\t\t\t\t\t\t\t\t<a href=\"https:\/\/hyptia.com\/index.php\/fondo-de-armario\/\">\n\t\t\t\t\t\t\t<img decoding=\"async\" width=\"688\" height=\"1024\" src=\"https:\/\/hyptia.com\/wp-content\/uploads\/2021\/12\/FONDO_Mesa-de-trabajo-1-688x1024.jpg\" class=\"elementor-animation-grow attachment-large size-large wp-image-3208\" alt=\"\" loading=\"lazy\" srcset=\"https:\/\/hyptia.com\/wp-content\/uploads\/2021\/12\/FONDO_Mesa-de-trabajo-1-688x1024.jpg 688w, https:\/\/hyptia.com\/wp-content\/uploads\/2021\/12\/FONDO_Mesa-de-trabajo-1-scaled-600x894.jpg 600w, https:\/\/hyptia.com\/wp-content\/uploads\/2021\/12\/FONDO_Mesa-de-trabajo-1-201x300.jpg 201w, https:\/\/hyptia.com\/wp-content\/uploads\/2021\/12\/FONDO_Mesa-de-trabajo-1-768x1143.jpg 768w, https:\/\/hyptia.com\/wp-content\/uploads\/2021\/12\/FONDO_Mesa-de-trabajo-1-1032x1536.jpg 1032w, https:\/\/hyptia.com\/wp-content\/uploads\/2021\/12\/FONDO_Mesa-de-trabajo-1-1376x2048.jpg 1376w, https:\/\/hyptia.com\/wp-content\/uploads\/2021\/12\/FONDO_Mesa-de-trabajo-1-scaled.jpg 1719w\" sizes=\"(max-width: 688px) 100vw, 688px\" \/>\t\t\t\t\t\t\t\t<\/a>\n\t\t\t\t\t\t\t\t\t\t\t<figcaption class=\"widget-image-caption wp-caption-text\">FONDO DE ARMARIO<\/figcaption>\n\t\t\t\t\t\t\t\t\t\t<\/figure>\n\t\t\t\t\t\t\t\t<\/div>\n\t\t\t\t\t\t<\/div>\n\t\t\t\t<\/div>\n\t\t\t\t<div class=\"elementor-element elementor-element-0e738bc elementor-widget-divider--view-line elementor-widget elementor-widget-divider\" data-id=\"0e738bc\" data-element_type=\"widget\" data-widget_type=\"divider.default\">\n\t\t\t\t<div class=\"elementor-widget-container\">\n\t\t\t\t\t<div class=\"elementor-divider\">\n\t\t\t<span class=\"elementor-divider-separator\">\n\t\t\t\t\t\t<\/span>\n\t\t<\/div>\n\t\t\t\t<\/div>\n\t\t\t\t<\/div>\n\t\t\t\t<div class=\"elementor-element elementor-element-1d59c81 elementor-widget elementor-widget-image\" data-id=\"1d59c81\" data-element_type=\"widget\" data-settings=\"{&quot;_animation&quot;:&quot;none&quot;}\" data-widget_type=\"image.default\">\n\t\t\t\t<div class=\"elementor-widget-container\">\n\t\t\t\t\t\t\t\t<div class=\"elementor-image\">\n\t\t\t\t\t\t\t\t\t<figure class=\"wp-caption\">\n\t\t\t\t\t\t\t\t\t\t\t<a href=\"https:\/\/hyptia.com\/index.php\/el-look\/\">\n\t\t\t\t\t\t\t<img decoding=\"async\" width=\"688\" height=\"1024\" src=\"https:\/\/hyptia.com\/wp-content\/uploads\/2021\/12\/look-FULL_Mesa-de-trabajo-1-688x1024.jpg\" class=\"elementor-animation-grow attachment-large size-large wp-image-3205\" alt=\"\" loading=\"lazy\" srcset=\"https:\/\/hyptia.com\/wp-content\/uploads\/2021\/12\/look-FULL_Mesa-de-trabajo-1-688x1024.jpg 688w, https:\/\/hyptia.com\/wp-content\/uploads\/2021\/12\/look-FULL_Mesa-de-trabajo-1-scaled-600x894.jpg 600w, https:\/\/hyptia.com\/wp-content\/uploads\/2021\/12\/look-FULL_Mesa-de-trabajo-1-201x300.jpg 201w, https:\/\/hyptia.com\/wp-content\/uploads\/2021\/12\/look-FULL_Mesa-de-trabajo-1-768x1143.jpg 768w, https:\/\/hyptia.com\/wp-content\/uploads\/2021\/12\/look-FULL_Mesa-de-trabajo-1-1032x1536.jpg 1032w, https:\/\/hyptia.com\/wp-content\/uploads\/2021\/12\/look-FULL_Mesa-de-trabajo-1-1376x2048.jpg 1376w, https:\/\/hyptia.com\/wp-content\/uploads\/2021\/12\/look-FULL_Mesa-de-trabajo-1-scaled.jpg 1719w\" sizes=\"(max-width: 688px) 100vw, 688px\" \/>\t\t\t\t\t\t\t\t<\/a>\n\t\t\t\t\t\t\t\t\t\t\t<figcaption class=\"widget-image-caption wp-caption-text\">EL LOOK<\/figcaption>\n\t\t\t\t\t\t\t\t\t\t<\/figure>\n\t\t\t\t\t\t\t\t<\/div>\n\t\t\t\t\t\t<\/div>\n\t\t\t\t<\/div>\n\t\t\t\t\t\t<\/div>\n\t\t\t\t\t<\/div>\n\t\t<\/div>\n\t\t\t\t<div class=\"elementor-column elementor-col-33 elementor-top-column elementor-element elementor-element-65f8633\" data-id=\"65f8633\" data-element_type=\"column\">\n\t\t\t<div class=\"elementor-column-wrap elementor-element-populated\">\n\t\t\t\t\t\t\t<div class=\"elementor-widget-wrap\">\n\t\t\t\t\t\t<div class=\"elementor-element elementor-element-863a23c elementor-widget-divider--view-line elementor-widget elementor-widget-divider\" data-id=\"863a23c\" data-element_type=\"widget\" data-widget_type=\"divider.default\">\n\t\t\t\t<div class=\"elementor-widget-container\">\n\t\t\t\t\t<div class=\"elementor-divider\">\n\t\t\t<span class=\"elementor-divider-separator\">\n\t\t\t\t\t\t<\/span>\n\t\t<\/div>\n\t\t\t\t<\/div>\n\t\t\t\t<\/div>\n\t\t\t\t<div class=\"elementor-element elementor-element-bcedd5a elementor-widget elementor-widget-image\" data-id=\"bcedd5a\" data-element_type=\"widget\" data-widget_type=\"image.default\">\n\t\t\t\t<div class=\"elementor-widget-container\">\n\t\t\t\t\t\t\t\t<div class=\"elementor-image\">\n\t\t\t\t\t\t\t\t\t<figure class=\"wp-caption\">\n\t\t\t\t\t\t\t\t\t\t\t<a href=\"https:\/\/hyptia.com\/index.php\/limpieza-reorganizacion\/\">\n\t\t\t\t\t\t\t<img decoding=\"async\" width=\"688\" height=\"1024\" src=\"https:\/\/hyptia.com\/wp-content\/uploads\/2021\/12\/LIMPIEZA_Mesa-de-trabajo-1-688x1024.jpg\" class=\"elementor-animation-grow attachment-large size-large wp-image-3210\" alt=\"\" loading=\"lazy\" srcset=\"https:\/\/hyptia.com\/wp-content\/uploads\/2021\/12\/LIMPIEZA_Mesa-de-trabajo-1-688x1024.jpg 688w, https:\/\/hyptia.com\/wp-content\/uploads\/2021\/12\/LIMPIEZA_Mesa-de-trabajo-1-scaled-600x894.jpg 600w, https:\/\/hyptia.com\/wp-content\/uploads\/2021\/12\/LIMPIEZA_Mesa-de-trabajo-1-201x300.jpg 201w, https:\/\/hyptia.com\/wp-content\/uploads\/2021\/12\/LIMPIEZA_Mesa-de-trabajo-1-768x1143.jpg 768w, https:\/\/hyptia.com\/wp-content\/uploads\/2021\/12\/LIMPIEZA_Mesa-de-trabajo-1-1032x1536.jpg 1032w, https:\/\/hyptia.com\/wp-content\/uploads\/2021\/12\/LIMPIEZA_Mesa-de-trabajo-1-1376x2048.jpg 1376w, https:\/\/hyptia.com\/wp-content\/uploads\/2021\/12\/LIMPIEZA_Mesa-de-trabajo-1-scaled.jpg 1719w\" sizes=\"(max-width: 688px) 100vw, 688px\" \/>\t\t\t\t\t\t\t\t<\/a>\n\t\t\t\t\t\t\t\t\t\t\t<figcaption class=\"widget-image-caption wp-caption-text\">REORGANIZACI\u00d3N DE ARMARIO<\/figcaption>\n\t\t\t\t\t\t\t\t\t\t<\/figure>\n\t\t\t\t\t\t\t\t<\/div>\n\t\t\t\t\t\t<\/div>\n\t\t\t\t<\/div>\n\t\t\t\t<div class=\"elementor-element elementor-element-444cfb3 elementor-widget-divider--view-line elementor-widget elementor-widget-divider\" data-id=\"444cfb3\" data-element_type=\"widget\" data-widget_type=\"divider.default\">\n\t\t\t\t<div class=\"elementor-widget-container\">\n\t\t\t\t\t<div class=\"elementor-divider\">\n\t\t\t<span class=\"elementor-divider-separator\">\n\t\t\t\t\t\t<\/span>\n\t\t<\/div>\n\t\t\t\t<\/div>\n\t\t\t\t<\/div>\n\t\t\t\t<div class=\"elementor-element elementor-element-0c9a53d elementor-widget elementor-widget-image\" data-id=\"0c9a53d\" data-element_type=\"widget\" data-widget_type=\"image.default\">\n\t\t\t\t<div class=\"elementor-widget-container\">\n\t\t\t\t\t\t\t\t<div class=\"elementor-image\">\n\t\t\t\t\t\t\t\t\t<figure class=\"wp-caption\">\n\t\t\t\t\t\t\t\t\t\t\t<a href=\"https:\/\/hyptia.com\/index.php\/personal-shopper\/\">\n\t\t\t\t\t\t\t<img decoding=\"async\" width=\"688\" height=\"1024\" src=\"https:\/\/hyptia.com\/wp-content\/uploads\/2021\/12\/PERSONAL-SHOPPER_Mesa-de-trabajo-1-688x1024.jpg\" class=\"elementor-animation-grow attachment-large size-large wp-image-3207\" alt=\"\" loading=\"lazy\" srcset=\"https:\/\/hyptia.com\/wp-content\/uploads\/2021\/12\/PERSONAL-SHOPPER_Mesa-de-trabajo-1-688x1024.jpg 688w, https:\/\/hyptia.com\/wp-content\/uploads\/2021\/12\/PERSONAL-SHOPPER_Mesa-de-trabajo-1-scaled-600x894.jpg 600w, https:\/\/hyptia.com\/wp-content\/uploads\/2021\/12\/PERSONAL-SHOPPER_Mesa-de-trabajo-1-201x300.jpg 201w, https:\/\/hyptia.com\/wp-content\/uploads\/2021\/12\/PERSONAL-SHOPPER_Mesa-de-trabajo-1-768x1143.jpg 768w, https:\/\/hyptia.com\/wp-content\/uploads\/2021\/12\/PERSONAL-SHOPPER_Mesa-de-trabajo-1-1032x1536.jpg 1032w, https:\/\/hyptia.com\/wp-content\/uploads\/2021\/12\/PERSONAL-SHOPPER_Mesa-de-trabajo-1-1376x2048.jpg 1376w, https:\/\/hyptia.com\/wp-content\/uploads\/2021\/12\/PERSONAL-SHOPPER_Mesa-de-trabajo-1-scaled.jpg 1719w\" sizes=\"(max-width: 688px) 100vw, 688px\" \/>\t\t\t\t\t\t\t\t<\/a>\n\t\t\t\t\t\t\t\t\t\t\t<figcaption class=\"widget-image-caption wp-caption-text\">PERSONAL SHOPPER<\/figcaption>\n\t\t\t\t\t\t\t\t\t\t<\/figure>\n\t\t\t\t\t\t\t\t<\/div>\n\t\t\t\t\t\t<\/div>\n\t\t\t\t<\/div>\n\t\t\t\t\t\t<\/div>\n\t\t\t\t\t<\/div>\n\t\t<\/div>\n\t\t\t\t\t\t\t\t<\/div>\n\t\t\t\t\t<\/div>\n\t\t<\/section>\n\t\t\t\t<section class=\"elementor-section elementor-top-section elementor-element elementor-element-f6fd13b elementor-section-boxed elementor-section-height-default elementor-section-height-default\" data-id=\"f6fd13b\" data-element_type=\"section\">\n\t\t\t\t\t\t<div class=\"elementor-container elementor-column-gap-default\">\n\t\t\t\t\t\t\t<div class=\"elementor-row\">\n\t\t\t\t\t<div class=\"elementor-column elementor-col-100 elementor-top-column elementor-element elementor-element-c2d5ce0\" data-id=\"c2d5ce0\" data-element_type=\"column\">\n\t\t\t<div class=\"elementor-column-wrap elementor-element-populated\">\n\t\t\t\t\t\t\t<div class=\"elementor-widget-wrap\">\n\t\t\t\t\t\t<div class=\"elementor-element elementor-element-5fa1a83 elementor-widget elementor-widget-image\" data-id=\"5fa1a83\" data-element_type=\"widget\" data-widget_type=\"image.default\">\n\t\t\t\t<div class=\"elementor-widget-container\">\n\t\t\t\t\t\t\t\t<div class=\"elementor-image\">\n\t\t\t\t\t\t\t\t\t\t\t\t\t<a href=\"https:\/\/hyptia.com\/index.php\/pagina-inicial\/\">\n\t\t\t\t\t\t\t<img decoding=\"async\" width=\"1024\" height=\"80\" src=\"https:\/\/hyptia.com\/wp-content\/uploads\/2020\/11\/logo-passant.gif\" class=\"attachment-large size-large wp-image-2335\" alt=\"\" loading=\"lazy\" \/>\t\t\t\t\t\t\t\t<\/a>\n\t\t\t\t\t\t\t\t\t\t\t\t\t\t<\/div>\n\t\t\t\t\t\t<\/div>\n\t\t\t\t<\/div>\n\t\t\t\t\t\t<\/div>\n\t\t\t\t\t<\/div>\n\t\t<\/div>\n\t\t\t\t\t\t\t\t<\/div>\n\t\t\t\t\t<\/div>\n\t\t<\/section>\n\t\t\t\t\t\t\t\t\t<\/div>\n\t\t\t<\/div>\n\t\t\t\t\t<\/div>\n\t\t","protected":false},"excerpt":{"rendered":"<p>ESENCIAL MALETA PERFECTA FONDO DE ARMARIO EL LOOK REORGANIZACI\u00d3N DE ARMARIO PERSONAL SHOPPER<\/p>\n","protected":false},"author":1,"featured_media":0,"parent":3083,"menu_order":0,"comment_status":"closed","ping_status":"closed","template":"","meta":{"neve_meta_sidebar":"full-width","neve_meta_container":"","neve_meta_enable_content_width":"on","neve_meta_content_width":100,"neve_meta_title_alignment":"","neve_meta_author_avatar":"","neve_post_elements_order":"","neve_meta_disable_header":"","neve_meta_disable_footer":"","neve_meta_disable_title":"on","_themeisle_gutenberg_block_has_review":false,"_ti_tpc_template_sync":false,"_ti_tpc_template_id":"","spay_email":""},"yoast_head":"<!-- This site is optimized with the Yoast SEO plugin v18.9 - https:\/\/yoast.com\/wordpress\/plugins\/seo\/ -->\n<title>ASESOR\u00cdAS - HYPTIA - ASESOR\u00cdAS &amp; ESTILISMO<\/title>\n<meta name=\"robots\" content=\"index, follow, max-snippet:-1, max-image-preview:large, max-video-preview:-1\" \/>\n<link rel=\"canonical\" href=\"https:\/\/hyptia.com\/index.php\/esencial\/asesorias\/\" \/>\n<meta property=\"og:locale\" content=\"es_ES\" \/>\n<meta property=\"og:type\" content=\"article\" \/>\n<meta property=\"og:title\" content=\"ASESOR\u00cdAS - HYPTIA - ASESOR\u00cdAS &amp; ESTILISMO\" \/>\n<meta property=\"og:description\" content=\"ESENCIAL MALETA PERFECTA FONDO DE ARMARIO EL LOOK REORGANIZACI\u00d3N DE ARMARIO PERSONAL SHOPPER\" \/>\n<meta property=\"og:url\" content=\"https:\/\/hyptia.com\/index.php\/esencial\/asesorias\/\" \/>\n<meta property=\"og:site_name\" content=\"HYPTIA - ASESOR\u00cdAS &amp; ESTILISMO\" \/>\n<meta property=\"article:modified_time\" content=\"2023-06-22T16:14:40+00:00\" \/>\n<meta property=\"og:image\" content=\"http:\/\/hyptia.com\/wp-content\/uploads\/2021\/12\/esencial_Mesa-de-trabajo-1-688x1024.jpg\" \/>\n<meta name=\"twitter:card\" content=\"summary_large_image\" \/>\n<meta name=\"twitter:label1\" content=\"Tiempo de lectura\" \/>\n\t<meta name=\"twitter:data1\" content=\"2 minutos\" \/>\n<script type=\"application\/ld+json\" class=\"yoast-schema-graph\">{\"@context\":\"https:\/\/schema.org\",\"@graph\":[{\"@type\":\"WebSite\",\"@id\":\"https:\/\/hyptia.com\/#website\",\"url\":\"https:\/\/hyptia.com\/\",\"name\":\"HYPTIA - ASESOR\u00cdAS &amp; ESTILISMO\",\"description\":\"El universo creativo que une moda y experimentaci\u00f3n, donde encontrar aquello que te inspira y descubrirte a ti a trav\u00e9s del arte del estilismo, el asesoramiento de moda y la direcci\u00f3n creativa :)\",\"potentialAction\":[{\"@type\":\"SearchAction\",\"target\":{\"@type\":\"EntryPoint\",\"urlTemplate\":\"https:\/\/hyptia.com\/?s={search_term_string}\"},\"query-input\":\"required name=search_term_string\"}],\"inLanguage\":\"es\"},{\"@type\":\"ImageObject\",\"inLanguage\":\"es\",\"@id\":\"https:\/\/hyptia.com\/index.php\/esencial\/asesorias\/#primaryimage\",\"url\":\"http:\/\/hyptia.com\/wp-content\/uploads\/2021\/12\/esencial_Mesa-de-trabajo-1-688x1024.jpg\",\"contentUrl\":\"http:\/\/hyptia.com\/wp-content\/uploads\/2021\/12\/esencial_Mesa-de-trabajo-1-688x1024.jpg\"},{\"@type\":\"WebPage\",\"@id\":\"https:\/\/hyptia.com\/index.php\/esencial\/asesorias\/#webpage\",\"url\":\"https:\/\/hyptia.com\/index.php\/esencial\/asesorias\/\",\"name\":\"ASESOR\u00cdAS - HYPTIA - ASESOR\u00cdAS &amp; ESTILISMO\",\"isPartOf\":{\"@id\":\"https:\/\/hyptia.com\/#website\"},\"primaryImageOfPage\":{\"@id\":\"https:\/\/hyptia.com\/index.php\/esencial\/asesorias\/#primaryimage\"},\"datePublished\":\"2021-11-04T13:49:07+00:00\",\"dateModified\":\"2023-06-22T16:14:40+00:00\",\"breadcrumb\":{\"@id\":\"https:\/\/hyptia.com\/index.php\/esencial\/asesorias\/#breadcrumb\"},\"inLanguage\":\"es\",\"potentialAction\":[{\"@type\":\"ReadAction\",\"target\":[\"https:\/\/hyptia.com\/index.php\/esencial\/asesorias\/\"]}]},{\"@type\":\"BreadcrumbList\",\"@id\":\"https:\/\/hyptia.com\/index.php\/esencial\/asesorias\/#breadcrumb\",\"itemListElement\":[{\"@type\":\"ListItem\",\"position\":1,\"name\":\"Portada\",\"item\":\"https:\/\/hyptia.com\/\"},{\"@type\":\"ListItem\",\"position\":2,\"name\":\"\",\"item\":\"https:\/\/hyptia.com\/index.php\/esencial\/\"},{\"@type\":\"ListItem\",\"position\":3,\"name\":\"ASESOR\u00cdAS\"}]}]}<\/script>\n<!-- \/ Yoast SEO plugin. -->","yoast_head_json":{"title":"ASESOR\u00cdAS - HYPTIA - ASESOR\u00cdAS &amp; ESTILISMO","robots":{"index":"index","follow":"follow","max-snippet":"max-snippet:-1","max-image-preview":"max-image-preview:large","max-video-preview":"max-video-preview:-1"},"canonical":"https:\/\/hyptia.com\/index.php\/esencial\/asesorias\/","og_locale":"es_ES","og_type":"article","og_title":"ASESOR\u00cdAS - HYPTIA - ASESOR\u00cdAS &amp; ESTILISMO","og_description":"ESENCIAL MALETA PERFECTA FONDO DE ARMARIO EL LOOK REORGANIZACI\u00d3N DE ARMARIO PERSONAL SHOPPER","og_url":"https:\/\/hyptia.com\/index.php\/esencial\/asesorias\/","og_site_name":"HYPTIA - ASESOR\u00cdAS &amp; ESTILISMO","article_modified_time":"2023-06-22T16:14:40+00:00","og_image":[{"url":"http:\/\/hyptia.com\/wp-content\/uploads\/2021\/12\/esencial_Mesa-de-trabajo-1-688x1024.jpg"}],"twitter_card":"summary_large_image","twitter_misc":{"Tiempo de lectura":"2 minutos"},"schema":{"@context":"https:\/\/schema.org","@graph":[{"@type":"WebSite","@id":"https:\/\/hyptia.com\/#website","url":"https:\/\/hyptia.com\/","name":"HYPTIA - ASESOR\u00cdAS &amp; ESTILISMO","description":"El universo creativo que une moda y experimentaci\u00f3n, donde encontrar aquello que te inspira y descubrirte a ti a trav\u00e9s del arte del estilismo, el asesoramiento de moda y la direcci\u00f3n creativa :)","potentialAction":[{"@type":"SearchAction","target":{"@type":"EntryPoint","urlTemplate":"https:\/\/hyptia.com\/?s={search_term_string}"},"query-input":"required name=search_term_string"}],"inLanguage":"es"},{"@type":"ImageObject","inLanguage":"es","@id":"https:\/\/hyptia.com\/index.php\/esencial\/asesorias\/#primaryimage","url":"http:\/\/hyptia.com\/wp-content\/uploads\/2021\/12\/esencial_Mesa-de-trabajo-1-688x1024.jpg","contentUrl":"http:\/\/hyptia.com\/wp-content\/uploads\/2021\/12\/esencial_Mesa-de-trabajo-1-688x1024.jpg"},{"@type":"WebPage","@id":"https:\/\/hyptia.com\/index.php\/esencial\/asesorias\/#webpage","url":"https:\/\/hyptia.com\/index.php\/esencial\/asesorias\/","name":"ASESOR\u00cdAS - HYPTIA - ASESOR\u00cdAS &amp; ESTILISMO","isPartOf":{"@id":"https:\/\/hyptia.com\/#website"},"primaryImageOfPage":{"@id":"https:\/\/hyptia.com\/index.php\/esencial\/asesorias\/#primaryimage"},"datePublished":"2021-11-04T13:49:07+00:00","dateModified":"2023-06-22T16:14:40+00:00","breadcrumb":{"@id":"https:\/\/hyptia.com\/index.php\/esencial\/asesorias\/#breadcrumb"},"inLanguage":"es","potentialAction":[{"@type":"ReadAction","target":["https:\/\/hyptia.com\/index.php\/esencial\/asesorias\/"]}]},{"@type":"BreadcrumbList","@id":"https:\/\/hyptia.com\/index.php\/esencial\/asesorias\/#breadcrumb","itemListElement":[{"@type":"ListItem","position":1,"name":"Portada","item":"https:\/\/hyptia.com\/"},{"@type":"ListItem","position":2,"name":"","item":"https:\/\/hyptia.com\/index.php\/esencial\/"},{"@type":"ListItem","position":3,"name":"ASESOR\u00cdAS"}]}]}},"uagb_featured_image_src":{"full":false,"thumbnail":false,"medium":false,"medium_large":false,"large":false,"1536x1536":false,"2048x2048":false,"neve-blog":false,"sow-carousel-default":false},"uagb_author_info":{"display_name":"contactbetas@gmail.com","author_link":"https:\/\/hyptia.com\/index.php\/author\/contactbetasgmail-com\/"},"uagb_comment_info":0,"uagb_excerpt":"ESENCIAL MALETA PERFECTA FONDO DE ARMARIO EL LOOK REORGANIZACI\u00d3N DE ARMARIO PERSONAL SHOPPER","_links":{"self":[{"href":"https:\/\/hyptia.com\/index.php\/wp-json\/wp\/v2\/pages\/2893"}],"collection":[{"href":"https:\/\/hyptia.com\/index.php\/wp-json\/wp\/v2\/pages"}],"about":[{"href":"https:\/\/hyptia.com\/index.php\/wp-json\/wp\/v2\/types\/page"}],"author":[{"embeddable":true,"href":"https:\/\/hyptia.com\/index.php\/wp-json\/wp\/v2\/users\/1"}],"replies":[{"embeddable":true,"href":"https:\/\/hyptia.com\/index.php\/wp-json\/wp\/v2\/comments?post=2893"}],"version-history":[{"count":81,"href":"https:\/\/hyptia.com\/index.php\/wp-json\/wp\/v2\/pages\/2893\/revisions"}],"predecessor-version":[{"id":3639,"href":"https:\/\/hyptia.com\/index.php\/wp-json\/wp\/v2\/pages\/2893\/revisions\/3639"}],"up":[{"embeddable":true,"href":"https:\/\/hyptia.com\/index.php\/wp-json\/wp\/v2\/pages\/3083"}],"wp:attachment":[{"href":"https:\/\/hyptia.com\/index.php\/wp-json\/wp\/v2\/media?parent=2893"}],"curies":[{"name":"wp","href":"https:\/\/api.w.org\/{rel}","templated":true}]}}