{"id":2603,"date":"2020-12-10T14:23:28","date_gmt":"2020-12-10T14:23:28","guid":{"rendered":"http:\/\/hyptia.com\/?page_id=2603"},"modified":"2021-11-25T12:14:58","modified_gmt":"2021-11-25T12:14:58","slug":"contacto","status":"publish","type":"page","link":"https:\/\/hyptia.com\/index.php\/contacto\/","title":{"rendered":"CONTACTO"},"content":{"rendered":"<div id=\"pl-gb2603-69fc83132d8bd\"  class=\"panel-layout\" ><div id=\"pg-gb2603-69fc83132d8bd-0\"  class=\"panel-grid panel-no-style\" ><div id=\"pgc-gb2603-69fc83132d8bd-0-0\"  class=\"panel-grid-cell\" ><div id=\"panel-gb2603-69fc83132d8bd-0-0-0\" class=\"so-panel widget widget_sow-headline panel-first-child panel-last-child\" data-index=\"0\" ><div class=\"panel-widget-style panel-widget-style-for-gb2603-69fc83132d8bd-0-0-0\" ><div class=\"so-widget-sow-headline so-widget-sow-headline-default-0eab8ebd83da\"><div class=\"sow-headline-container \">\n\t<p class='sow-headline'>Puedes contactar con nuestro equipo a trav\u00e9s de todas las plataformas @hyptiaoficial o via mail contacta@hyptia.com<\/p>\t\t\t\t\t<div class=\"decoration\">\n\t\t\t\t\t\t<div class=\"decoration-inside\"><\/div>\n\t\t\t\t\t<\/div>\n\t\t\t\t\t<p class='sow-sub-headline'>Horario de atenci\u00f3n: Lunes \u2013 Viernes ma\u00f1anas de 10 a 13 &amp; tardes de 17:30 a 20:00<\/p><\/div><\/div><\/div><\/div><\/div><\/div><\/div>\n\n<div class=\"wp-block-jetpack-contact-form\"><a href=\"https:\/\/hyptia.com\/index.php\/contacto\/\" target=\"_blank\" rel=\"noopener noreferrer\">Env\u00eda un formulario.<\/a><\/div>\n\n\n<br>\n<br>\n<br>\n","protected":false},"excerpt":{"rendered":"","protected":false},"author":1,"featured_media":0,"parent":0,"menu_order":0,"comment_status":"closed","ping_status":"closed","template":"","meta":{"neve_meta_sidebar":"full-width","neve_meta_container":"","neve_meta_enable_content_width":"on","neve_meta_content_width":70,"neve_meta_title_alignment":"center","neve_meta_author_avatar":"","neve_post_elements_order":"","neve_meta_disable_header":"","neve_meta_disable_footer":"","neve_meta_disable_title":"on","_themeisle_gutenberg_block_has_review":false,"_ti_tpc_template_sync":false,"_ti_tpc_template_id":"","spay_email":""},"yoast_head":"<!-- This site is optimized with the Yoast SEO plugin v18.9 - https:\/\/yoast.com\/wordpress\/plugins\/seo\/ -->\n<title>CONTACTO - HYPTIA - ASESOR\u00cdAS &amp; ESTILISMO<\/title>\n<meta name=\"robots\" content=\"index, follow, max-snippet:-1, max-image-preview:large, max-video-preview:-1\" \/>\n<link rel=\"canonical\" href=\"https:\/\/hyptia.com\/index.php\/contacto\/\" \/>\n<meta property=\"og:locale\" content=\"es_ES\" \/>\n<meta property=\"og:type\" content=\"article\" \/>\n<meta property=\"og:title\" content=\"CONTACTO - HYPTIA - ASESOR\u00cdAS &amp; ESTILISMO\" \/>\n<meta property=\"og:url\" content=\"https:\/\/hyptia.com\/index.php\/contacto\/\" \/>\n<meta property=\"og:site_name\" content=\"HYPTIA - ASESOR\u00cdAS &amp; ESTILISMO\" \/>\n<meta property=\"article:modified_time\" content=\"2021-11-25T12:14:58+00:00\" \/>\n<meta name=\"twitter:card\" content=\"summary_large_image\" \/>\n<script type=\"application\/ld+json\" class=\"yoast-schema-graph\">{\"@context\":\"https:\/\/schema.org\",\"@graph\":[{\"@type\":\"WebSite\",\"@id\":\"https:\/\/hyptia.com\/#website\",\"url\":\"https:\/\/hyptia.com\/\",\"name\":\"HYPTIA - ASESOR\u00cdAS &amp; ESTILISMO\",\"description\":\"El universo creativo que une moda y experimentaci\u00f3n, donde encontrar aquello que te inspira y descubrirte a ti a trav\u00e9s del arte del estilismo, el asesoramiento de moda y la direcci\u00f3n creativa :)\",\"potentialAction\":[{\"@type\":\"SearchAction\",\"target\":{\"@type\":\"EntryPoint\",\"urlTemplate\":\"https:\/\/hyptia.com\/?s={search_term_string}\"},\"query-input\":\"required name=search_term_string\"}],\"inLanguage\":\"es\"},{\"@type\":\"WebPage\",\"@id\":\"https:\/\/hyptia.com\/index.php\/contacto\/#webpage\",\"url\":\"https:\/\/hyptia.com\/index.php\/contacto\/\",\"name\":\"CONTACTO - HYPTIA - ASESOR\u00cdAS &amp; ESTILISMO\",\"isPartOf\":{\"@id\":\"https:\/\/hyptia.com\/#website\"},\"datePublished\":\"2020-12-10T14:23:28+00:00\",\"dateModified\":\"2021-11-25T12:14:58+00:00\",\"breadcrumb\":{\"@id\":\"https:\/\/hyptia.com\/index.php\/contacto\/#breadcrumb\"},\"inLanguage\":\"es\",\"potentialAction\":[{\"@type\":\"ReadAction\",\"target\":[\"https:\/\/hyptia.com\/index.php\/contacto\/\"]}]},{\"@type\":\"BreadcrumbList\",\"@id\":\"https:\/\/hyptia.com\/index.php\/contacto\/#breadcrumb\",\"itemListElement\":[{\"@type\":\"ListItem\",\"position\":1,\"name\":\"Portada\",\"item\":\"https:\/\/hyptia.com\/\"},{\"@type\":\"ListItem\",\"position\":2,\"name\":\"CONTACTO\"}]}]}<\/script>\n<!-- \/ Yoast SEO plugin. -->","yoast_head_json":{"title":"CONTACTO - HYPTIA - ASESOR\u00cdAS &amp; ESTILISMO","robots":{"index":"index","follow":"follow","max-snippet":"max-snippet:-1","max-image-preview":"max-image-preview:large","max-video-preview":"max-video-preview:-1"},"canonical":"https:\/\/hyptia.com\/index.php\/contacto\/","og_locale":"es_ES","og_type":"article","og_title":"CONTACTO - HYPTIA - ASESOR\u00cdAS &amp; ESTILISMO","og_url":"https:\/\/hyptia.com\/index.php\/contacto\/","og_site_name":"HYPTIA - ASESOR\u00cdAS &amp; ESTILISMO","article_modified_time":"2021-11-25T12:14:58+00:00","twitter_card":"summary_large_image","schema":{"@context":"https:\/\/schema.org","@graph":[{"@type":"WebSite","@id":"https:\/\/hyptia.com\/#website","url":"https:\/\/hyptia.com\/","name":"HYPTIA - ASESOR\u00cdAS &amp; ESTILISMO","description":"El universo creativo que une moda y experimentaci\u00f3n, donde encontrar aquello que te inspira y descubrirte a ti a trav\u00e9s del arte del estilismo, el asesoramiento de moda y la direcci\u00f3n creativa :)","potentialAction":[{"@type":"SearchAction","target":{"@type":"EntryPoint","urlTemplate":"https:\/\/hyptia.com\/?s={search_term_string}"},"query-input":"required name=search_term_string"}],"inLanguage":"es"},{"@type":"WebPage","@id":"https:\/\/hyptia.com\/index.php\/contacto\/#webpage","url":"https:\/\/hyptia.com\/index.php\/contacto\/","name":"CONTACTO - HYPTIA - ASESOR\u00cdAS &amp; ESTILISMO","isPartOf":{"@id":"https:\/\/hyptia.com\/#website"},"datePublished":"2020-12-10T14:23:28+00:00","dateModified":"2021-11-25T12:14:58+00:00","breadcrumb":{"@id":"https:\/\/hyptia.com\/index.php\/contacto\/#breadcrumb"},"inLanguage":"es","potentialAction":[{"@type":"ReadAction","target":["https:\/\/hyptia.com\/index.php\/contacto\/"]}]},{"@type":"BreadcrumbList","@id":"https:\/\/hyptia.com\/index.php\/contacto\/#breadcrumb","itemListElement":[{"@type":"ListItem","position":1,"name":"Portada","item":"https:\/\/hyptia.com\/"},{"@type":"ListItem","position":2,"name":"CONTACTO"}]}]}},"uagb_featured_image_src":{"full":false,"thumbnail":false,"medium":false,"medium_large":false,"large":false,"1536x1536":false,"2048x2048":false,"neve-blog":false,"sow-carousel-default":false},"uagb_author_info":{"display_name":"contactbetas@gmail.com","author_link":"https:\/\/hyptia.com\/index.php\/author\/contactbetasgmail-com\/"},"uagb_comment_info":0,"uagb_excerpt":null,"_links":{"self":[{"href":"https:\/\/hyptia.com\/index.php\/wp-json\/wp\/v2\/pages\/2603"}],"collection":[{"href":"https:\/\/hyptia.com\/index.php\/wp-json\/wp\/v2\/pages"}],"about":[{"href":"https:\/\/hyptia.com\/index.php\/wp-json\/wp\/v2\/types\/page"}],"author":[{"embeddable":true,"href":"https:\/\/hyptia.com\/index.php\/wp-json\/wp\/v2\/users\/1"}],"replies":[{"embeddable":true,"href":"https:\/\/hyptia.com\/index.php\/wp-json\/wp\/v2\/comments?post=2603"}],"version-history":[{"count":14,"href":"https:\/\/hyptia.com\/index.php\/wp-json\/wp\/v2\/pages\/2603\/revisions"}],"predecessor-version":[{"id":3060,"href":"https:\/\/hyptia.com\/index.php\/wp-json\/wp\/v2\/pages\/2603\/revisions\/3060"}],"wp:attachment":[{"href":"https:\/\/hyptia.com\/index.php\/wp-json\/wp\/v2\/media?parent=2603"}],"curies":[{"name":"wp","href":"https:\/\/api.w.org\/{rel}","templated":true}]}}