{"id":2490,"date":"2020-12-05T16:24:36","date_gmt":"2020-12-05T16:24:36","guid":{"rendered":"http:\/\/hyptia.com\/?page_id=2490"},"modified":"2020-12-10T19:54:12","modified_gmt":"2020-12-10T19:54:12","slug":"coming-soon","status":"publish","type":"page","link":"https:\/\/hyptia.com\/index.php\/coming-soon\/","title":{"rendered":"COMING SOON"},"content":{"rendered":"<div id=\"pl-gb2490-69fc8bf70e1a2\"  class=\"panel-layout\" ><div id=\"pg-gb2490-69fc8bf70e1a2-0\"  class=\"panel-grid panel-no-style\" ><div id=\"pgc-gb2490-69fc8bf70e1a2-0-0\"  class=\"panel-grid-cell\" ><div id=\"panel-gb2490-69fc8bf70e1a2-0-0-0\" class=\"so-panel widget widget_sow-image panel-first-child panel-last-child\" data-index=\"0\" ><div class=\"so-widget-sow-image so-widget-sow-image-default-17bc2272b535\">\n\n<div class=\"sow-image-container\">\n<a href=\"https:\/\/hyptia.com\/index.php\/pagina-inicial\/\" >\t<img decoding=\"async\" loading=\"lazy\" src=\"https:\/\/hyptia.com\/wp-content\/uploads\/2020\/11\/Logo-positiu.png\" width=\"150\" height=\"55\" srcset=\"https:\/\/hyptia.com\/wp-content\/uploads\/2020\/11\/Logo-positiu.png 1314w, https:\/\/hyptia.com\/wp-content\/uploads\/2020\/11\/Logo-positiu-300x109.png 300w, https:\/\/hyptia.com\/wp-content\/uploads\/2020\/11\/Logo-positiu-1024x373.png 1024w, https:\/\/hyptia.com\/wp-content\/uploads\/2020\/11\/Logo-positiu-768x280.png 768w, https:\/\/hyptia.com\/wp-content\/uploads\/2020\/11\/Logo-positiu-600x219.png 600w\" sizes=\"(max-width: 150px) 100vw, 150px\" title=\"Logo positiu\" alt=\"\" \t\tclass=\"so-widget-image\"\/>\n<\/a><\/div>\n\n<\/div><\/div><\/div><\/div><div id=\"pg-gb2490-69fc8bf70e1a2-1\"  class=\"panel-grid panel-no-style\" ><div id=\"pgc-gb2490-69fc8bf70e1a2-1-0\"  class=\"panel-grid-cell\" ><div id=\"panel-gb2490-69fc8bf70e1a2-1-0-0\" class=\"so-panel widget widget_sow-image panel-first-child\" data-index=\"1\" ><div class=\"so-widget-sow-image so-widget-sow-image-default-17bc2272b535\">\n\n<div class=\"sow-image-container\">\n<a href=\"https:\/\/hyptia.com\/index.php\/pagina-inicial\/\" >\t<img decoding=\"async\" loading=\"lazy\" src=\"https:\/\/hyptia.com\/wp-content\/uploads\/2020\/12\/Mesa_de_trabajo_1-20-300x300.jpg\" width=\"300\" height=\"300\" srcset=\"https:\/\/hyptia.com\/wp-content\/uploads\/2020\/12\/Mesa_de_trabajo_1-20.jpg 300w, https:\/\/hyptia.com\/wp-content\/uploads\/2020\/12\/Mesa_de_trabajo_1-20-100x100.jpg 100w, https:\/\/hyptia.com\/wp-content\/uploads\/2020\/12\/Mesa_de_trabajo_1-20-150x150.jpg 150w\" sizes=\"(max-width: 300px) 100vw, 300px\" alt=\"\" \t\tclass=\"so-widget-image\"\/>\n<\/a><\/div>\n\n<\/div><\/div><div id=\"panel-gb2490-69fc8bf70e1a2-1-0-1\" class=\"so-panel widget widget_sow-button panel-last-child\" data-index=\"2\" ><div class=\"so-widget-sow-button so-widget-sow-button-flat-b466da98156a\"><div class=\"ow-button-base ow-button-align-center\">\n\t<a href=\"https:\/\/hyptia.com\/index.php\/pagina-inicial\/\" class=\"ow-icon-placement-left ow-button-hover\" \t\t>\n\t\t<span>\n\t\t\t<span class=\"sow-icon-fontawesome sow-far\" data-sow-icon=\"&#xf359;\"\n\t\tstyle=\"color: #ffffff\" ><\/span>\n\t\t\tBACK\t\t<\/span>\n\t<\/a>\n<\/div>\n<\/div><\/div><\/div><\/div><\/div>\n\n\n<p><\/p>\n","protected":false},"excerpt":{"rendered":"","protected":false},"author":1,"featured_media":0,"parent":0,"menu_order":0,"comment_status":"closed","ping_status":"closed","template":"","meta":{"neve_meta_sidebar":"full-width","neve_meta_container":"default","neve_meta_enable_content_width":"on","neve_meta_content_width":100,"neve_meta_title_alignment":"left","neve_meta_author_avatar":"","neve_post_elements_order":"","neve_meta_disable_header":"","neve_meta_disable_footer":"","neve_meta_disable_title":"on","_themeisle_gutenberg_block_has_review":false,"_ti_tpc_template_sync":false,"_ti_tpc_template_id":"","spay_email":""},"yoast_head":"<!-- This site is optimized with the Yoast SEO plugin v18.9 - https:\/\/yoast.com\/wordpress\/plugins\/seo\/ -->\n<title>COMING SOON - HYPTIA - ASESOR\u00cdAS &amp; ESTILISMO<\/title>\n<meta name=\"robots\" content=\"index, follow, max-snippet:-1, max-image-preview:large, max-video-preview:-1\" \/>\n<link rel=\"canonical\" href=\"https:\/\/hyptia.com\/index.php\/coming-soon\/\" \/>\n<meta property=\"og:locale\" content=\"es_ES\" \/>\n<meta property=\"og:type\" content=\"article\" \/>\n<meta property=\"og:title\" content=\"COMING SOON - HYPTIA - ASESOR\u00cdAS &amp; ESTILISMO\" \/>\n<meta property=\"og:url\" content=\"https:\/\/hyptia.com\/index.php\/coming-soon\/\" \/>\n<meta property=\"og:site_name\" content=\"HYPTIA - ASESOR\u00cdAS &amp; ESTILISMO\" \/>\n<meta property=\"article:modified_time\" content=\"2020-12-10T19:54:12+00:00\" \/>\n<meta name=\"twitter:card\" content=\"summary_large_image\" \/>\n<script type=\"application\/ld+json\" class=\"yoast-schema-graph\">{\"@context\":\"https:\/\/schema.org\",\"@graph\":[{\"@type\":\"WebSite\",\"@id\":\"https:\/\/hyptia.com\/#website\",\"url\":\"https:\/\/hyptia.com\/\",\"name\":\"HYPTIA - ASESOR\u00cdAS &amp; ESTILISMO\",\"description\":\"El universo creativo que une moda y experimentaci\u00f3n, donde encontrar aquello que te inspira y descubrirte a ti a trav\u00e9s del arte del estilismo, el asesoramiento de moda y la direcci\u00f3n creativa :)\",\"potentialAction\":[{\"@type\":\"SearchAction\",\"target\":{\"@type\":\"EntryPoint\",\"urlTemplate\":\"https:\/\/hyptia.com\/?s={search_term_string}\"},\"query-input\":\"required name=search_term_string\"}],\"inLanguage\":\"es\"},{\"@type\":\"WebPage\",\"@id\":\"https:\/\/hyptia.com\/index.php\/coming-soon\/#webpage\",\"url\":\"https:\/\/hyptia.com\/index.php\/coming-soon\/\",\"name\":\"COMING SOON - HYPTIA - ASESOR\u00cdAS &amp; ESTILISMO\",\"isPartOf\":{\"@id\":\"https:\/\/hyptia.com\/#website\"},\"datePublished\":\"2020-12-05T16:24:36+00:00\",\"dateModified\":\"2020-12-10T19:54:12+00:00\",\"breadcrumb\":{\"@id\":\"https:\/\/hyptia.com\/index.php\/coming-soon\/#breadcrumb\"},\"inLanguage\":\"es\",\"potentialAction\":[{\"@type\":\"ReadAction\",\"target\":[\"https:\/\/hyptia.com\/index.php\/coming-soon\/\"]}]},{\"@type\":\"BreadcrumbList\",\"@id\":\"https:\/\/hyptia.com\/index.php\/coming-soon\/#breadcrumb\",\"itemListElement\":[{\"@type\":\"ListItem\",\"position\":1,\"name\":\"Portada\",\"item\":\"https:\/\/hyptia.com\/\"},{\"@type\":\"ListItem\",\"position\":2,\"name\":\"COMING SOON\"}]}]}<\/script>\n<!-- \/ Yoast SEO plugin. -->","yoast_head_json":{"title":"COMING SOON - HYPTIA - ASESOR\u00cdAS &amp; ESTILISMO","robots":{"index":"index","follow":"follow","max-snippet":"max-snippet:-1","max-image-preview":"max-image-preview:large","max-video-preview":"max-video-preview:-1"},"canonical":"https:\/\/hyptia.com\/index.php\/coming-soon\/","og_locale":"es_ES","og_type":"article","og_title":"COMING SOON - HYPTIA - ASESOR\u00cdAS &amp; ESTILISMO","og_url":"https:\/\/hyptia.com\/index.php\/coming-soon\/","og_site_name":"HYPTIA - ASESOR\u00cdAS &amp; ESTILISMO","article_modified_time":"2020-12-10T19:54:12+00:00","twitter_card":"summary_large_image","schema":{"@context":"https:\/\/schema.org","@graph":[{"@type":"WebSite","@id":"https:\/\/hyptia.com\/#website","url":"https:\/\/hyptia.com\/","name":"HYPTIA - ASESOR\u00cdAS &amp; ESTILISMO","description":"El universo creativo que une moda y experimentaci\u00f3n, donde encontrar aquello que te inspira y descubrirte a ti a trav\u00e9s del arte del estilismo, el asesoramiento de moda y la direcci\u00f3n creativa :)","potentialAction":[{"@type":"SearchAction","target":{"@type":"EntryPoint","urlTemplate":"https:\/\/hyptia.com\/?s={search_term_string}"},"query-input":"required name=search_term_string"}],"inLanguage":"es"},{"@type":"WebPage","@id":"https:\/\/hyptia.com\/index.php\/coming-soon\/#webpage","url":"https:\/\/hyptia.com\/index.php\/coming-soon\/","name":"COMING SOON - HYPTIA - ASESOR\u00cdAS &amp; ESTILISMO","isPartOf":{"@id":"https:\/\/hyptia.com\/#website"},"datePublished":"2020-12-05T16:24:36+00:00","dateModified":"2020-12-10T19:54:12+00:00","breadcrumb":{"@id":"https:\/\/hyptia.com\/index.php\/coming-soon\/#breadcrumb"},"inLanguage":"es","potentialAction":[{"@type":"ReadAction","target":["https:\/\/hyptia.com\/index.php\/coming-soon\/"]}]},{"@type":"BreadcrumbList","@id":"https:\/\/hyptia.com\/index.php\/coming-soon\/#breadcrumb","itemListElement":[{"@type":"ListItem","position":1,"name":"Portada","item":"https:\/\/hyptia.com\/"},{"@type":"ListItem","position":2,"name":"COMING SOON"}]}]}},"uagb_featured_image_src":{"full":false,"thumbnail":false,"medium":false,"medium_large":false,"large":false,"1536x1536":false,"2048x2048":false,"neve-blog":false,"sow-carousel-default":false},"uagb_author_info":{"display_name":"contactbetas@gmail.com","author_link":"https:\/\/hyptia.com\/index.php\/author\/contactbetasgmail-com\/"},"uagb_comment_info":0,"uagb_excerpt":null,"_links":{"self":[{"href":"https:\/\/hyptia.com\/index.php\/wp-json\/wp\/v2\/pages\/2490"}],"collection":[{"href":"https:\/\/hyptia.com\/index.php\/wp-json\/wp\/v2\/pages"}],"about":[{"href":"https:\/\/hyptia.com\/index.php\/wp-json\/wp\/v2\/types\/page"}],"author":[{"embeddable":true,"href":"https:\/\/hyptia.com\/index.php\/wp-json\/wp\/v2\/users\/1"}],"replies":[{"embeddable":true,"href":"https:\/\/hyptia.com\/index.php\/wp-json\/wp\/v2\/comments?post=2490"}],"version-history":[{"count":5,"href":"https:\/\/hyptia.com\/index.php\/wp-json\/wp\/v2\/pages\/2490\/revisions"}],"predecessor-version":[{"id":2507,"href":"https:\/\/hyptia.com\/index.php\/wp-json\/wp\/v2\/pages\/2490\/revisions\/2507"}],"wp:attachment":[{"href":"https:\/\/hyptia.com\/index.php\/wp-json\/wp\/v2\/media?parent=2490"}],"curies":[{"name":"wp","href":"https:\/\/api.w.org\/{rel}","templated":true}]}}